{"id":5992,"date":"2021-07-30T19:07:48","date_gmt":"2021-07-30T22:07:48","guid":{"rendered":"https:\/\/hartbr.com\/?page_id=5992"},"modified":"2021-08-02T20:40:47","modified_gmt":"2021-08-02T23:40:47","slug":"proyectos-realizados","status":"publish","type":"page","link":"https:\/\/hartbr.com\/es\/proyectos-realizados\/","title":{"rendered":"Proyectos Realizados"},"content":{"rendered":"<section class=\"wpb-content-wrapper\"><p>[vc_row][vc_column][tm_spacer size=\u00bbsm:100;lg:113&#8243;][tm_heading tag=\u00bbh4&#8243; custom_google_font=\u00bb\u00bb align=\u00bbcenter\u00bb font_size=\u00bbsm:27;md:34;lg:40&#8243; line_height=\u00bb1.4&#8243;]Conozca nuestro <mark>hist\u00f3rico de proyectos realizados<\/mark>[\/tm_heading][tm_spacer size=\u00bblg:26&#8243;][tm_heading tag=\u00bbdiv\u00bb custom_google_font=\u00bb\u00bb align=\u00bbcenter\u00bb max_width=\u00bb770px\u00bb]Los proyectos de I&#038;D desarrollados en Hart BR, son verdaderas iniciativas, enfocadas en la b\u00fasqueda de innovaciones frente a los desaf\u00edos tecnol\u00f3gicos y de mercado de las empresas de distribuci\u00f3n y transmisi\u00f3n de energ\u00eda.[\/tm_heading][tm_spacer size=\u00bblg:26&#8243;][tm_heading tag=\u00bbdiv\u00bb custom_google_font=\u00bb\u00bb align=\u00bbcenter\u00bb max_width=\u00bb770px\u00bb]Conozca nuestros principales proyectos desarrollados en los \u00faltimos a\u00f1os y que est\u00e1n ayudando en la modernizaci\u00f3n y optimizaci\u00f3n del sector el\u00e9ctrico brasile\u00f1o.[\/tm_heading][tm_spacer size=\u00bbsm:50;lg:96&#8243;][tm_timeline items=\u00bb%5B%7B%22image%22%3A%225582%22%2C%22title%22%3A%22Abril%20%22%2C%22datetime%22%3A%222018%2F04%2F02%2016%3A11%22%2C%22text%22%3A%22Inicio%20de%20la%20fase%20Desarrollo%20Experimental%20del%20Interruptor%20Trif%C3%A1sico%20RKT-3.%22%7D%2C%7B%22image%22%3A%225154%22%2C%22title%22%3A%22Junio%22%2C%22datetime%22%3A%222018%2F06%2F01%2016%3A11%22%2C%22text%22%3A%22Inicio%20de%20la%20fase%20Principio%20de%20Serie%20del%20Reconectador%20Rocket-1.%22%7D%2C%7B%22image%22%3A%225145%22%2C%22title%22%3A%22Septiembre%22%2C%22datetime%22%3A%222018%2F09%2F01%2016%3A11%22%2C%22text%22%3A%22Evento%20de%20apertura%20del%20Laboratorio%20Pro%20PD%20para%20la%20realizaci%C3%B3n%20de%20ensayos%20el%C3%A9ctricos%20y%20clim%C3%A1ticos%20en%20Hart%20BR.%22%7D%2C%7B%22image%22%3A%224834%22%2C%22title%22%3A%22Noviembre%22%2C%22datetime%22%3A%222018%2F11%2F01%2016%3A12%22%2C%22text%22%3A%22Inicio%20del%20Desarrollo%20Experimental%20del%20Sensor%20de%20Fallas%20Floco%E2%80%8B.%5CnM%C3%B3dulo%20de%20Comunicaci%C3%B3n%3A%20LoRa%E2%80%8B.%22%7D%2C%7B%22image%22%3A%224827%22%2C%22title%22%3A%22Septiembre%22%2C%22datetime%22%3A%222019%2F09%2F02%2018%3A33%22%2C%22text%22%3A%22Inicio%20del%20Desarrollo%20Experimental%20Trafo%204.0%E2%80%8B.%22%7D%2C%7B%22image%22%3A%224855%22%2C%22title%22%3A%22Noviembre%22%2C%22datetime%22%3A%222019%2F11%2F04%2018%3A34%22%2C%22text%22%3A%221%C2%BA%20Prototipo%20del%20Floco%20desarrollado.%22%7D%2C%7B%22image%22%3A%225583%22%2C%22title%22%3A%22Enero%22%2C%22datetime%22%3A%222020%2F01%2F13%2013%3A55%22%2C%22text%22%3A%22Entrega%20del%20prototipo%20del%20Interruptor%20Trif%C3%A1sico%20RKT-3.%5Cn%22%7D%2C%7B%22image%22%3A%225439%22%2C%22title%22%3A%22Enero%22%2C%22datetime%22%3A%222020%2F01%2F13%2018%3A36%22%2C%22text%22%3A%22Certificaci%C3%B3n%20internacional%20del%20Reconectador%20por%20parte%20de%20CESI.%5Cn%22%7D%2C%7B%22image%22%3A%225584%22%2C%22title%22%3A%22Marzo%22%2C%22datetime%22%3A%222020%2F03%2F01%2018%3A39%22%2C%22text%22%3A%22Inicio%20de%20Serie%20del%20sensor%20Floco%E2%80%8B%E2%80%8B.%20%5CnEntrega%20del%20lote%20inicio%20de%20serie%20del%20Reconectador%E2%80%8B%E2%80%8B.%20Integraci%C3%B3n%20del%20sistema%20ArpeggIO.%22%7D%2C%7B%22image%22%3A%225585%22%2C%22title%22%3A%22Julio%22%2C%22datetime%22%3A%222020%2F07%2F01%2009%3A58%22%2C%22text%22%3A%22Apertura%20de%20la%20unidad%20fabril%20en%20la%20ciudad%20de%20Atibaia%2C%20SP.%5Cn%22%7D%2C%7B%22image%22%3A%225586%22%2C%22title%22%3A%22Agosto%22%2C%22datetime%22%3A%222020%2F08%2F01%2011%3A02%22%2C%22text%22%3A%22Lanzamiento%20del%20sistema%20ArpeggIO%C2%AE%20Suite.%22%7D%2C%7B%22image%22%3A%225447%22%2C%22title%22%3A%22Diciembre%22%2C%22datetime%22%3A%222020%2F12%2F01%2018%3A40%22%2C%22text%22%3A%22Finalizaci%C3%B3n%20del%20Proyecto%20Reconectador%20Rocket-1.%5Cn%22%7D%2C%7B%22image%22%3A%225464%22%2C%22title%22%3A%22Diciembre%22%2C%22datetime%22%3A%222020%2F12%2F01%2020%3A22%22%2C%22text%22%3A%22Fabricaci%C3%B3n%20del%20lote%20CS%20del%20sensor%20Floco%E2%80%8B.%22%7D%2C%7B%22image%22%3A%225165%22%2C%22title%22%3A%22Febrero%22%2C%22datetime%22%3A%222021%2F02%2F01%2009%3A55%22%2C%22text%22%3A%22Entrega%20de%20los%20prototipos%20del%20Reconectador%20Rocket-1%20para%20tensi%C3%B3n%20de%2027%20kV%E2%80%8B.%5Cn%22%7D%5D\u00bb][tm_spacer size=\u00bbsm:100;lg:120&#8243;][\/vc_column][\/vc_row]<\/p>\n<\/section>","protected":false},"excerpt":{"rendered":"<p>[vc_row][vc_column][tm_spacer size=\u00bbsm:100;lg:113&#8243;][tm_heading tag=\u00bbh4&#8243; custom_google_font=\u00bb\u00bb align=\u00bbcenter\u00bb font_size=\u00bbsm:27;md:34;lg:40&#8243; line_height=\u00bb1.4&#8243;]Conozca nuestro hist\u00f3rico de proyectos realizados[\/tm_heading][tm_spacer size=\u00bblg:26&#8243;][tm_heading tag=\u00bbdiv\u00bb custom_google_font=\u00bb\u00bb align=\u00bbcenter\u00bb max_width=\u00bb770px\u00bb]Los proyectos de I&#038;D desarrollados en Hart BR, son verdaderas iniciativas, enfocadas en la b\u00fasqueda de innovaciones frente a los desaf\u00edos tecnol\u00f3gicos y de mercado de las empresas de distribuci\u00f3n y transmisi\u00f3n de energ\u00eda.[\/tm_heading][tm_spacer size=\u00bblg:26&#8243;][tm_heading tag=\u00bbdiv\u00bb custom_google_font=\u00bb\u00bb align=\u00bbcenter\u00bb max_width=\u00bb770px\u00bb]Conozca nuestros principales proyectos desarrollados en los \u00faltimos a\u00f1os y que est\u00e1n ayudando en la modernizaci\u00f3n y optimizaci\u00f3n del sector el\u00e9ctrico brasile\u00f1o.[\/tm_heading][tm_spacer size=\u00bbsm:50;lg:96&#8243;][tm_timeline items=\u00bb%5B%7B%22image%22%3A%225582%22%2C%22title%22%3A%22Abril%20%22%2C%22datetime%22%3A%222018%2F04%2F02%2016%3A11%22%2C%22text%22%3A%22Inicio%20de%20la%20fase%20Desarrollo%20Experimental%20del%20Interruptor%20Trif%C3%A1sico%20RKT-3.%22%7D%2C%7B%22image%22%3A%225154%22%2C%22title%22%3A%22Junio%22%2C%22datetime%22%3A%222018%2F06%2F01%2016%3A11%22%2C%22text%22%3A%22Inicio%20de%20la%20fase%20Principio%20de%20Serie%20del%20Reconectador%20Rocket-1.%22%7D%2C%7B%22image%22%3A%225145%22%2C%22title%22%3A%22Septiembre%22%2C%22datetime%22%3A%222018%2F09%2F01%2016%3A11%22%2C%22text%22%3A%22Evento%20de%20apertura%20del%20Laboratorio%20Pro%20PD%20para%20la%20realizaci%C3%B3n%20de%20ensayos%20el%C3%A9ctricos%20y%20clim%C3%A1ticos%20en%20Hart%20BR.%22%7D%2C%7B%22image%22%3A%224834%22%2C%22title%22%3A%22Noviembre%22%2C%22datetime%22%3A%222018%2F11%2F01%2016%3A12%22%2C%22text%22%3A%22Inicio%20del%20Desarrollo%20Experimental%20del%20Sensor%20de%20Fallas%20Floco%E2%80%8B.%5CnM%C3%B3dulo%20de%20Comunicaci%C3%B3n%3A%20LoRa%E2%80%8B.%22%7D%2C%7B%22image%22%3A%224827%22%2C%22title%22%3A%22Septiembre%22%2C%22datetime%22%3A%222019%2F09%2F02%2018%3A33%22%2C%22text%22%3A%22Inicio%20del%20Desarrollo%20Experimental%20Trafo%204.0%E2%80%8B.%22%7D%2C%7B%22image%22%3A%224855%22%2C%22title%22%3A%22Noviembre%22%2C%22datetime%22%3A%222019%2F11%2F04%2018%3A34%22%2C%22text%22%3A%221%C2%BA%20Prototipo%20del%20Floco%20desarrollado.%22%7D%2C%7B%22image%22%3A%225583%22%2C%22title%22%3A%22Enero%22%2C%22datetime%22%3A%222020%2F01%2F13%2013%3A55%22%2C%22text%22%3A%22Entrega%20del%20prototipo%20del%20Interruptor%20Trif%C3%A1sico%20RKT-3.%5Cn%22%7D%2C%7B%22image%22%3A%225439%22%2C%22title%22%3A%22Enero%22%2C%22datetime%22%3A%222020%2F01%2F13%2018%3A36%22%2C%22text%22%3A%22Certificaci%C3%B3n%20internacional%20del%20Reconectador%20por%20parte%20de%20CESI.%5Cn%22%7D%2C%7B%22image%22%3A%225584%22%2C%22title%22%3A%22Marzo%22%2C%22datetime%22%3A%222020%2F03%2F01%2018%3A39%22%2C%22text%22%3A%22Inicio%20de%20Serie%20del%20sensor%20Floco%E2%80%8B%E2%80%8B.%20%5CnEntrega%20del%20lote%20inicio%20de%20serie%20del%20Reconectador%E2%80%8B%E2%80%8B.%20Integraci%C3%B3n%20del%20sistema%20ArpeggIO.%22%7D%2C%7B%22image%22%3A%225585%22%2C%22title%22%3A%22Julio%22%2C%22datetime%22%3A%222020%2F07%2F01%2009%3A58%22%2C%22text%22%3A%22Apertura%20de%20la%20unidad%20fabril%20en%20la%20ciudad%20de%20Atibaia%2C%20SP.%5Cn%22%7D%2C%7B%22image%22%3A%225586%22%2C%22title%22%3A%22Agosto%22%2C%22datetime%22%3A%222020%2F08%2F01%2011%3A02%22%2C%22text%22%3A%22Lanzamiento%20del%20sistema%20ArpeggIO%C2%AE%20Suite.%22%7D%2C%7B%22image%22%3A%225447%22%2C%22title%22%3A%22Diciembre%22%2C%22datetime%22%3A%222020%2F12%2F01%2018%3A40%22%2C%22text%22%3A%22Finalizaci%C3%B3n%20del%20Proyecto%20Reconectador%20Rocket-1.%5Cn%22%7D%2C%7B%22image%22%3A%225464%22%2C%22title%22%3A%22Diciembre%22%2C%22datetime%22%3A%222020%2F12%2F01%2020%3A22%22%2C%22text%22%3A%22Fabricaci%C3%B3n%20del%20lote%20CS%20del%20sensor%20Floco%E2%80%8B.%22%7D%2C%7B%22image%22%3A%225165%22%2C%22title%22%3A%22Febrero%22%2C%22datetime%22%3A%222021%2F02%2F01%2009%3A55%22%2C%22text%22%3A%22Entrega%20de%20los%20prototipos%20del%20Reconectador%20Rocket-1%20para%20tensi%C3%B3n%20de%2027%20kV%E2%80%8B.%5Cn%22%7D%5D\u00bb][tm_spacer size=\u00bbsm:100;lg:120&#8243;][\/vc_column][\/vc_row]<\/p>\n","protected":false},"author":1,"featured_media":0,"parent":0,"menu_order":0,"comment_status":"closed","ping_status":"closed","template":"","meta":{"footnotes":""},"class_list":["post-5992","page","type-page","status-publish","hentry","post-no-thumbnail"],"_links":{"self":[{"href":"https:\/\/hartbr.com\/es\/wp-json\/wp\/v2\/pages\/5992","targetHints":{"allow":["GET"]}}],"collection":[{"href":"https:\/\/hartbr.com\/es\/wp-json\/wp\/v2\/pages"}],"about":[{"href":"https:\/\/hartbr.com\/es\/wp-json\/wp\/v2\/types\/page"}],"author":[{"embeddable":true,"href":"https:\/\/hartbr.com\/es\/wp-json\/wp\/v2\/users\/1"}],"replies":[{"embeddable":true,"href":"https:\/\/hartbr.com\/es\/wp-json\/wp\/v2\/comments?post=5992"}],"version-history":[{"count":3,"href":"https:\/\/hartbr.com\/es\/wp-json\/wp\/v2\/pages\/5992\/revisions"}],"predecessor-version":[{"id":6015,"href":"https:\/\/hartbr.com\/es\/wp-json\/wp\/v2\/pages\/5992\/revisions\/6015"}],"wp:attachment":[{"href":"https:\/\/hartbr.com\/es\/wp-json\/wp\/v2\/media?parent=5992"}],"curies":[{"name":"wp","href":"https:\/\/api.w.org\/{rel}","templated":true}]}}