{"id":6044,"date":"2021-07-30T20:39:30","date_gmt":"2021-07-30T23:39:30","guid":{"rendered":"https:\/\/hartbr.com\/?page_id=6044"},"modified":"2023-09-28T18:14:04","modified_gmt":"2023-09-28T21:14:04","slug":"blog","status":"publish","type":"page","link":"https:\/\/hartbr.com\/es\/blog\/","title":{"rendered":"Blog"},"content":{"rendered":"<section class=\"wpb-content-wrapper\"><p>[vc_row][vc_column][tm_spacer size=\u00bblg:50&#8243;][tm_heading custom_google_font=\u00bb\u00bb align=\u00bbcenter\u00bb line_height=\u00bb1.4&#8243;]Noticias sobre <mark>nuestros productos, energ\u00eda e innovaci\u00f3n<\/mark>[\/tm_heading][tm_spacer size=\u00bblg:25&#8243;][tm_heading tag=\u00bbdiv\u00bb custom_google_font=\u00bb\u00bb align=\u00bbcenter\u00bb font_size=\u00bblg:18&#8243; line_height=\u00bb1.5&#8243; max_width=\u00bb850px\u00bb]Mant\u00e9ngase al tanto de todas las noticias relacionadas con HartBR e informaciones interesantes acerca de innovaci\u00f3n, tecnolog\u00eda y el mercado de energ\u00eda. [\/tm_heading][tm_spacer size=\u00bblg:50&#8243;][tm_blog style=\u00bbgrid-classic\u00bb pagination=\u00bbpagination\u00bb columns=\u00bbxs:1;sm:2;lg:3&#8243; column_gutter=\u00bblg:30&#8243; row_gutter=\u00bblg:65&#8243;][tm_spacer size=\u00bblg:50&#8243;][\/vc_column][\/vc_row]<\/p>\n<\/section>","protected":false},"excerpt":{"rendered":"<p>[vc_row][vc_column][tm_spacer size=\u00bblg:50&#8243;][tm_heading custom_google_font=\u00bb\u00bb align=\u00bbcenter\u00bb line_height=\u00bb1.4&#8243;]Noticias sobre nuestros productos, energ\u00eda e innovaci\u00f3n[\/tm_heading][tm_spacer size=\u00bblg:25&#8243;][tm_heading tag=\u00bbdiv\u00bb custom_google_font=\u00bb\u00bb align=\u00bbcenter\u00bb font_size=\u00bblg:18&#8243; line_height=\u00bb1.5&#8243; max_width=\u00bb850px\u00bb]Mant\u00e9ngase al tanto de todas las noticias relacionadas con HartBR e informaciones interesantes acerca de innovaci\u00f3n, tecnolog\u00eda y el mercado de energ\u00eda. [\/tm_heading][tm_spacer size=\u00bblg:50&#8243;][tm_blog style=\u00bbgrid-classic\u00bb pagination=\u00bbpagination\u00bb columns=\u00bbxs:1;sm:2;lg:3&#8243; column_gutter=\u00bblg:30&#8243; row_gutter=\u00bblg:65&#8243;][tm_spacer size=\u00bblg:50&#8243;][\/vc_column][\/vc_row]<\/p>\n","protected":false},"author":1,"featured_media":0,"parent":0,"menu_order":0,"comment_status":"closed","ping_status":"closed","template":"","meta":{"footnotes":""},"class_list":["post-6044","page","type-page","status-publish","hentry","post-no-thumbnail"],"_links":{"self":[{"href":"https:\/\/hartbr.com\/es\/wp-json\/wp\/v2\/pages\/6044","targetHints":{"allow":["GET"]}}],"collection":[{"href":"https:\/\/hartbr.com\/es\/wp-json\/wp\/v2\/pages"}],"about":[{"href":"https:\/\/hartbr.com\/es\/wp-json\/wp\/v2\/types\/page"}],"author":[{"embeddable":true,"href":"https:\/\/hartbr.com\/es\/wp-json\/wp\/v2\/users\/1"}],"replies":[{"embeddable":true,"href":"https:\/\/hartbr.com\/es\/wp-json\/wp\/v2\/comments?post=6044"}],"version-history":[{"count":6,"href":"https:\/\/hartbr.com\/es\/wp-json\/wp\/v2\/pages\/6044\/revisions"}],"predecessor-version":[{"id":6906,"href":"https:\/\/hartbr.com\/es\/wp-json\/wp\/v2\/pages\/6044\/revisions\/6906"}],"wp:attachment":[{"href":"https:\/\/hartbr.com\/es\/wp-json\/wp\/v2\/media?parent=6044"}],"curies":[{"name":"wp","href":"https:\/\/api.w.org\/{rel}","templated":true}]}}