{"id":322,"date":"2019-02-28T07:43:29","date_gmt":"2019-02-28T10:43:29","guid":{"rendered":"https:\/\/hartbr.com\/blogs\/"},"modified":"2023-01-20T19:59:48","modified_gmt":"2023-01-20T22:59:48","slug":"blog","status":"publish","type":"page","link":"https:\/\/hartbr.com\/pt-br\/blog\/","title":{"rendered":"Blog"},"content":{"rendered":"<section class=\"wpb-content-wrapper\"><p>[vc_row][vc_column][tm_heading custom_google_font=&#8221;&#8221; align=&#8221;center&#8221; line_height=&#8221;1.4&#8243;]Not\u00edcias sobre <mark>nossos produtos, energia e inova\u00e7\u00e3o<\/mark>[\/tm_heading][tm_spacer size=&#8221;lg:25&#8243;][tm_heading tag=&#8221;div&#8221; custom_google_font=&#8221;&#8221; align=&#8221;center&#8221; font_size=&#8221;lg:18&#8243; line_height=&#8221;1.5&#8243; max_width=&#8221;850px&#8221;]Fique por dentro de todas as not\u00edcias relacionadas a HartBR e sobre informa\u00e7\u00f5es interessantes do mercado de energia, inova\u00e7\u00e3o e tecnologia.[\/tm_heading][tm_spacer size=&#8221;lg:50&#8243;][tm_blog style=&#8221;grid-classic&#8221; pagination=&#8221;pagination&#8221; columns=&#8221;xs:1;sm:2;lg:3&#8243; column_gutter=&#8221;lg:30&#8243; row_gutter=&#8221;lg:65&#8243;][\/vc_column][\/vc_row]<\/p>\n<\/section>","protected":false},"excerpt":{"rendered":"<p>[vc_row][vc_column][tm_heading custom_google_font=&#8221;&#8221; align=&#8221;center&#8221; line_height=&#8221;1.4&#8243;]Not\u00edcias sobre nossos produtos, energia e inova\u00e7\u00e3o[\/tm_heading][tm_spacer size=&#8221;lg:25&#8243;][tm_heading tag=&#8221;div&#8221; custom_google_font=&#8221;&#8221; align=&#8221;center&#8221; font_size=&#8221;lg:18&#8243; line_height=&#8221;1.5&#8243; max_width=&#8221;850px&#8221;]Fique por dentro de todas as not\u00edcias relacionadas a HartBR e sobre informa\u00e7\u00f5es interessantes do mercado de energia, inova\u00e7\u00e3o e tecnologia.[\/tm_heading][tm_spacer size=&#8221;lg:50&#8243;][tm_blog style=&#8221;grid-classic&#8221; pagination=&#8221;pagination&#8221; columns=&#8221;xs:1;sm:2;lg:3&#8243; column_gutter=&#8221;lg:30&#8243; row_gutter=&#8221;lg:65&#8243;][\/vc_column][\/vc_row]<\/p>\n","protected":false},"author":1,"featured_media":0,"parent":0,"menu_order":0,"comment_status":"closed","ping_status":"closed","template":"","meta":{"footnotes":""},"class_list":["post-322","page","type-page","status-publish","hentry","post-no-thumbnail"],"_links":{"self":[{"href":"https:\/\/hartbr.com\/pt-br\/wp-json\/wp\/v2\/pages\/322","targetHints":{"allow":["GET"]}}],"collection":[{"href":"https:\/\/hartbr.com\/pt-br\/wp-json\/wp\/v2\/pages"}],"about":[{"href":"https:\/\/hartbr.com\/pt-br\/wp-json\/wp\/v2\/types\/page"}],"author":[{"embeddable":true,"href":"https:\/\/hartbr.com\/pt-br\/wp-json\/wp\/v2\/users\/1"}],"replies":[{"embeddable":true,"href":"https:\/\/hartbr.com\/pt-br\/wp-json\/wp\/v2\/comments?post=322"}],"version-history":[{"count":16,"href":"https:\/\/hartbr.com\/pt-br\/wp-json\/wp\/v2\/pages\/322\/revisions"}],"predecessor-version":[{"id":6908,"href":"https:\/\/hartbr.com\/pt-br\/wp-json\/wp\/v2\/pages\/322\/revisions\/6908"}],"wp:attachment":[{"href":"https:\/\/hartbr.com\/pt-br\/wp-json\/wp\/v2\/media?parent=322"}],"curies":[{"name":"wp","href":"https:\/\/api.w.org\/{rel}","templated":true}]}}