{"id":3787,"date":"2021-04-05T13:11:08","date_gmt":"2021-04-05T16:11:08","guid":{"rendered":"https:\/\/hartbr.com\/?page_id=3787"},"modified":"2023-07-13T16:24:35","modified_gmt":"2023-07-13T19:24:35","slug":"contato","status":"publish","type":"page","link":"https:\/\/hartbr.com\/pt-br\/contato\/","title":{"rendered":"Contato"},"content":{"rendered":"<section class=\"wpb-content-wrapper\"><p>[vc_row full_width=&#8221;stretch_row&#8221; lg_spacing=&#8221;padding_top:120;padding_bottom:110&#8243; sm_spacing=&#8221;padding_top:100;padding_bottom:100&#8243;][vc_column offset=&#8221;vc_col-md-6&#8243;][tm_spacer size=&#8221;sm:0;lg:32&#8243;][tm_heading style=&#8221;left-line&#8221; custom_google_font=&#8221;&#8221; max_width=&#8221;540px&#8221;]Para mais informa\u00e7\u00f5es sobre as solu\u00e7\u00f5es, d\u00favidas, reclama\u00e7\u00f5es ou sugest\u00f5es, <mark>entre em contato.<\/mark>[\/tm_heading][tm_spacer size=&#8221;lg:12&#8243;][tm_heading tag=&#8221;div&#8221; custom_google_font=&#8221;&#8221; font_size=&#8221;lg:18&#8243; line_height=&#8221;1.67&#8243; css=&#8221;.vc_custom_1674255119977{margin-left: 34px !important;}&#8221;]A HartBR \u00e9 uma empresa de base tecnol\u00f3gica, cujo foco principal est\u00e1 direcionado ao desenvolvimento de produtos e solu\u00e7\u00f5es.[\/tm_heading][tm_spacer size=&#8221;sm:40&#8243;][\/vc_column][vc_column offset=&#8221;vc_col-md-6&#8243;][tm_contact_form_7 id=&#8221;903&#8243;][\/vc_column][\/vc_row][vc_row][vc_column width=&#8221;1\/3&#8243;][tm_heading custom_google_font=&#8221;&#8221; font_size=&#8221;sm:18;md:21;lg:24&#8243; line_height=&#8221;1.25&#8243;]Escrit\u00f3rio &#8211; S\u00e3o Paulo[\/tm_heading][tm_spacer size=&#8221;lg:19&#8243;][tm_heading tag=&#8221;div&#8221; custom_google_font=&#8221;&#8221; css=&#8221;.vc_custom_1619545479193{margin-bottom: 5px !important;}&#8221;]Condom\u00ednio Empresarial Araguaia<br \/>\nAlameda Araguaia, 1.142, Alphaville, Barueri<br \/>\n[\/tm_heading][tm_spacer size=&#8221;lg:20&#8243;][\/vc_column][vc_column width=&#8221;1\/3&#8243;][tm_heading custom_google_font=&#8221;&#8221; font_size=&#8221;sm:18;md:21;lg:24&#8243; line_height=&#8221;1.25&#8243;]F\u00e1brica &#8211; S\u00e3o Paulo[\/tm_heading][tm_spacer size=&#8221;lg:19&#8243;][tm_heading tag=&#8221;div&#8221; custom_google_font=&#8221;&#8221; css=&#8221;.vc_custom_1619545465655{margin-bottom: 5px !important;}&#8221;]Cidade de Atibaia<br \/>\nS\u00e3o Paulo &#8211; Brasil<br \/>\n[\/tm_heading][tm_spacer size=&#8221;lg:20&#8243;][\/vc_column][vc_column width=&#8221;1\/3&#8243;][tm_heading custom_google_font=&#8221;&#8221; font_size=&#8221;sm:18;md:21;lg:24&#8243; line_height=&#8221;1.25&#8243;]Fale com a HartBR[\/tm_heading][tm_spacer size=&#8221;lg:19&#8243;][tm_heading tag=&#8221;div&#8221; custom_google_font=&#8221;&#8221; font_weight=&#8221;700&#8243; text_color=&#8221;custom&#8221; custom_text_color=&#8221;#696969&#8243; hover_text_color=&#8221;primary&#8221; css=&#8221;.vc_custom_1617667346826{margin-bottom: 5px !important;}&#8221;]<a href=\"tel:(+55)1141910126\">+ 55 (11) 4191-0126<\/a>[\/tm_heading][tm_heading tag=&#8221;div&#8221; custom_google_font=&#8221;&#8221; text_color=&#8221;primary&#8221; hover_text_color=&#8221;secondary&#8221; css=&#8221;.vc_custom_1622555804664{margin-bottom: 5px !important;}&#8221;]<a href=\"mailto:contato@hartbr.com\">contato@hartbr.com<\/a>[\/tm_heading][tm_spacer size=&#8221;lg:20&#8243;][\/vc_column][\/vc_row][vc_row][vc_column][tm_spacer size=&#8221;lg:48&#8243;][tm_image_hotspot style=&#8221;signal&#8221; hotspot=&#8221;910&#8243;][\/vc_column][\/vc_row][vc_row full_width=&#8221;stretch_row_content_no_spaces&#8221;][vc_column][vc_raw_html]JTNDaWZyYW1lJTIwc3JjJTNEJTIyaHR0cHMlM0ElMkYlMkZ3d3cuZ29vZ2xlLmNvbSUyRm1hcHMlMkZlbWJlZCUzRnBiJTNEJTIxMW0xOCUyMTFtMTIlMjExbTMlMjExZDM2NTguODgzMzk2MTQ2NzUlMjEyZC00Ni44NDgwNzQwMzQ2MTYwNyUyMTNkLTIzLjUwMDcwOTA4NDcxMjk2JTIxMm0zJTIxMWYwJTIxMmYwJTIxM2YwJTIxM20yJTIxMWkxMDI0JTIxMmk3NjglMjE0ZjEzLjElMjEzbTMlMjExbTIlMjExczB4OTRjZjAyMjRjZWE2YzIyNSUyNTNBMHhkNjg4ZjIyODhjMTAzNzVlJTIxMnNDb25kb20lMjVDMyUyNUFEbmlvJTI1MjBFbXByZXNhcmlhbCUyNTIwQXJhZ3VhaWElMjE1ZTAlMjEzbTIlMjExc3B0LUJSJTIxMnNiciUyMTR2MTYyMDMyODg0MjY3NCUyMTVtMiUyMTFzcHQtQlIlMjEyc2JyJTIyJTIwd2lkdGglM0QlMjIxMDAlMjUlMjIlMjBoZWlnaHQlM0QlMjI0NTAlMjIlMjBzdHlsZSUzRCUyMmJvcmRlciUzQTAlM0IlMjIlMjBhbGxvd2Z1bGxzY3JlZW4lM0QlMjIlMjIlMjBsb2FkaW5nJTNEJTIybGF6eSUyMiUzRSUzQyUyRmlmcmFtZSUzRQ==[\/vc_raw_html][\/vc_column][\/vc_row][vc_row full_width=&#8221;stretch_row&#8221; content_placement=&#8221;middle&#8221; background_color=&#8221;custom&#8221; custom_background_color=&#8221;#f6f2ed&#8221; lg_spacing=&#8221;padding_top:84;padding_bottom:84&#8243; background_image=&#8221;5602&#8243;][vc_column offset=&#8221;vc_col-md-8&#8243;][tm_heading tag=&#8221;h4&#8243; custom_google_font=&#8221;&#8221; sm_align=&#8221;center&#8221; text_color=&#8221;custom&#8221; custom_text_color=&#8221;#ffffff&#8221; font_size=&#8221;sm:26;md:30;lg:32&#8243; line_height=&#8221;1.4&#8243;]Geramos inova\u00e7\u00e3o para seu projeto.[\/tm_heading][tm_heading tag=&#8221;h4&#8243; custom_google_font=&#8221;&#8221; sm_align=&#8221;center&#8221; font_size=&#8221;sm:26;md:30;lg:32&#8243; line_height=&#8221;1.4&#8243;]<mark>Fale com nossa ger\u00eancia comercial.<\/mark>[\/tm_heading][tm_spacer size=&#8221;sm:30&#8243;][\/vc_column][vc_column offset=&#8221;vc_col-md-4&#8243;][tm_button_group align=&#8221;right&#8221; sm_align=&#8221;center&#8221;][tm_button size=&#8221;custom&#8221; button=&#8221;url:https%3A%2F%2Fapi.whatsapp.com%2Fsend%3Fphone%3D5511991941260%26text%3DAcessei%2520o%2520site%2520da%2520Hart%2520BR%2520e%2520gostaria%2520de%2520mais%2520informa%25C3%25A7%25C3%25B5es.|title:Chat%20pelo%20whats|target:_blank&#8221; icon_align=&#8221;left&#8221; icon_type=&#8221;fontawesome5&#8243; icon_fontawesome5=&#8221;fab fa-whatsapp&#8221; color=&#8221;custom&#8221; button_bg_color_hover=&#8221;secondary&#8221; button_border_color_hover=&#8221;secondary&#8221; width=&#8221;170&#8243; icon_font_size=&#8221;lg:14&#8243;][tm_button size=&#8221;custom&#8221; button=&#8221;url:mailto%3Acontato%40hartbr.com|title:Envie%20um%20e-mail|target:_blank&#8221; icon_align=&#8221;left&#8221; icon_type=&#8221;fontawesome5&#8243; icon_fontawesome5=&#8221;far fa-envelope&#8221; color=&#8221;custom&#8221; button_bg_color=&#8221;secondary&#8221; font_color=&#8221;custom&#8221; button_border_color=&#8221;secondary&#8221; button_icon_color=&#8221;custom&#8221; button_bg_color_hover=&#8221;primary&#8221; font_color_hover=&#8221;custom&#8221; button_border_color_hover=&#8221;primary&#8221; button_icon_color_hover=&#8221;custom&#8221; width=&#8221;170&#8243; custom_font_color=&#8221;#ffffff&#8221; custom_button_icon_color=&#8221;#ffffff&#8221; custom_font_color_hover=&#8221;#ffffff&#8221; custom_button_icon_color_hover=&#8221;#ffffff&#8221; icon_font_size=&#8221;lg:14&#8243;][\/tm_button_group][\/vc_column][\/vc_row]<\/p>\n<\/section>","protected":false},"excerpt":{"rendered":"<p>[vc_row full_width=&#8221;stretch_row&#8221; lg_spacing=&#8221;padding_top:120;padding_bottom:110&#8243; sm_spacing=&#8221;padding_top:100;padding_bottom:100&#8243;][vc_column offset=&#8221;vc_col-md-6&#8243;][tm_spacer size=&#8221;sm:0;lg:32&#8243;][tm_heading style=&#8221;left-line&#8221; custom_google_font=&#8221;&#8221; max_width=&#8221;540px&#8221;]Para mais informa\u00e7\u00f5es sobre as solu\u00e7\u00f5es, d\u00favidas, reclama\u00e7\u00f5es ou sugest\u00f5es, entre em contato.[\/tm_heading][tm_spacer size=&#8221;lg:12&#8243;][tm_heading tag=&#8221;div&#8221; custom_google_font=&#8221;&#8221; font_size=&#8221;lg:18&#8243; line_height=&#8221;1.67&#8243; css=&#8221;.vc_custom_1674255119977{margin-left: 34px !important;}&#8221;]A HartBR \u00e9 uma empresa de base tecnol\u00f3gica, cujo foco principal est\u00e1 direcionado ao desenvolvimento de produtos e solu\u00e7\u00f5es.[\/tm_heading][tm_spacer size=&#8221;sm:40&#8243;][\/vc_column][vc_column offset=&#8221;vc_col-md-6&#8243;][tm_contact_form_7 id=&#8221;903&#8243;][\/vc_column][\/vc_row][vc_row][vc_column width=&#8221;1\/3&#8243;][tm_heading custom_google_font=&#8221;&#8221; font_size=&#8221;sm:18;md:21;lg:24&#8243; line_height=&#8221;1.25&#8243;]Escrit\u00f3rio &#8211; S\u00e3o Paulo[\/tm_heading][tm_spacer size=&#8221;lg:19&#8243;][tm_heading tag=&#8221;div&#8221; custom_google_font=&#8221;&#8221; css=&#8221;.vc_custom_1619545479193{margin-bottom: 5px !important;}&#8221;]Condom\u00ednio Empresarial Araguaia Alameda Araguaia, 1.142, Alphaville, Barueri [\/tm_heading][tm_spacer size=&#8221;lg:20&#8243;][\/vc_column][vc_column width=&#8221;1\/3&#8243;][tm_heading custom_google_font=&#8221;&#8221; font_size=&#8221;sm:18;md:21;lg:24&#8243; line_height=&#8221;1.25&#8243;]F\u00e1brica &#8211; S\u00e3o Paulo[\/tm_heading][tm_spacer size=&#8221;lg:19&#8243;][tm_heading tag=&#8221;div&#8221; custom_google_font=&#8221;&#8221; css=&#8221;.vc_custom_1619545465655{margin-bottom: 5px !important;}&#8221;]Cidade de Atibaia S\u00e3o Paulo &#8211; Brasil [\/tm_heading][tm_spacer size=&#8221;lg:20&#8243;][\/vc_column][vc_column width=&#8221;1\/3&#8243;][tm_heading custom_google_font=&#8221;&#8221; font_size=&#8221;sm:18;md:21;lg:24&#8243; line_height=&#8221;1.25&#8243;]Fale com a HartBR[\/tm_heading][tm_spacer size=&#8221;lg:19&#8243;][tm_heading tag=&#8221;div&#8221; custom_google_font=&#8221;&#8221; font_weight=&#8221;700&#8243; text_color=&#8221;custom&#8221; custom_text_color=&#8221;#696969&#8243; hover_text_color=&#8221;primary&#8221; css=&#8221;.vc_custom_1617667346826{margin-bottom: 5px !important;}&#8221;]+ 55 (11) 4191-0126[\/tm_heading][tm_heading tag=&#8221;div&#8221; custom_google_font=&#8221;&#8221; text_color=&#8221;primary&#8221; hover_text_color=&#8221;secondary&#8221; css=&#8221;.vc_custom_1622555804664{margin-bottom: 5px !important;}&#8221;]contato@hartbr.com[\/tm_heading][tm_spacer size=&#8221;lg:20&#8243;][\/vc_column][\/vc_row][vc_row][vc_column][tm_spacer size=&#8221;lg:48&#8243;][tm_image_hotspot style=&#8221;signal&#8221; hotspot=&#8221;910&#8243;][\/vc_column][\/vc_row][vc_row full_width=&#8221;stretch_row_content_no_spaces&#8221;][vc_column][vc_raw_html]JTNDaWZyYW1lJTIwc3JjJTNEJTIyaHR0cHMlM0ElMkYlMkZ3d3cuZ29vZ2xlLmNvbSUyRm1hcHMlMkZlbWJlZCUzRnBiJTNEJTIxMW0xOCUyMTFtMTIlMjExbTMlMjExZDM2NTguODgzMzk2MTQ2NzUlMjEyZC00Ni44NDgwNzQwMzQ2MTYwNyUyMTNkLTIzLjUwMDcwOTA4NDcxMjk2JTIxMm0zJTIxMWYwJTIxMmYwJTIxM2YwJTIxM20yJTIxMWkxMDI0JTIxMmk3NjglMjE0ZjEzLjElMjEzbTMlMjExbTIlMjExczB4OTRjZjAyMjRjZWE2YzIyNSUyNTNBMHhkNjg4ZjIyODhjMTAzNzVlJTIxMnNDb25kb20lMjVDMyUyNUFEbmlvJTI1MjBFbXByZXNhcmlhbCUyNTIwQXJhZ3VhaWElMjE1ZTAlMjEzbTIlMjExc3B0LUJSJTIxMnNiciUyMTR2MTYyMDMyODg0MjY3NCUyMTVtMiUyMTFzcHQtQlIlMjEyc2JyJTIyJTIwd2lkdGglM0QlMjIxMDAlMjUlMjIlMjBoZWlnaHQlM0QlMjI0NTAlMjIlMjBzdHlsZSUzRCUyMmJvcmRlciUzQTAlM0IlMjIlMjBhbGxvd2Z1bGxzY3JlZW4lM0QlMjIlMjIlMjBsb2FkaW5nJTNEJTIybGF6eSUyMiUzRSUzQyUyRmlmcmFtZSUzRQ==[\/vc_raw_html][\/vc_column][\/vc_row][vc_row full_width=&#8221;stretch_row&#8221; content_placement=&#8221;middle&#8221; background_color=&#8221;custom&#8221; custom_background_color=&#8221;#f6f2ed&#8221; lg_spacing=&#8221;padding_top:84;padding_bottom:84&#8243; background_image=&#8221;5602&#8243;][vc_column offset=&#8221;vc_col-md-8&#8243;][tm_heading tag=&#8221;h4&#8243; custom_google_font=&#8221;&#8221; sm_align=&#8221;center&#8221; text_color=&#8221;custom&#8221; custom_text_color=&#8221;#ffffff&#8221; font_size=&#8221;sm:26;md:30;lg:32&#8243; line_height=&#8221;1.4&#8243;]Geramos inova\u00e7\u00e3o para seu projeto.[\/tm_heading][tm_heading tag=&#8221;h4&#8243; custom_google_font=&#8221;&#8221; sm_align=&#8221;center&#8221; font_size=&#8221;sm:26;md:30;lg:32&#8243; line_height=&#8221;1.4&#8243;]Fale com nossa ger\u00eancia comercial.[\/tm_heading][tm_spacer size=&#8221;sm:30&#8243;][\/vc_column][vc_column offset=&#8221;vc_col-md-4&#8243;][tm_button_group align=&#8221;right&#8221; sm_align=&#8221;center&#8221;][tm_button size=&#8221;custom&#8221; button=&#8221;url:https%3A%2F%2Fapi.whatsapp.com%2Fsend%3Fphone%3D5511991941260%26text%3DAcessei%2520o%2520site%2520da%2520Hart%2520BR%2520e%2520gostaria%2520de%2520mais%2520informa%25C3%25A7%25C3%25B5es.|title:Chat%20pelo%20whats|target:_blank&#8221; icon_align=&#8221;left&#8221; icon_type=&#8221;fontawesome5&#8243; icon_fontawesome5=&#8221;fab fa-whatsapp&#8221; color=&#8221;custom&#8221; button_bg_color_hover=&#8221;secondary&#8221; button_border_color_hover=&#8221;secondary&#8221; width=&#8221;170&#8243; icon_font_size=&#8221;lg:14&#8243;][tm_button size=&#8221;custom&#8221; button=&#8221;url:mailto%3Acontato%40hartbr.com|title:Envie%20um%20e-mail|target:_blank&#8221; icon_align=&#8221;left&#8221; icon_type=&#8221;fontawesome5&#8243; icon_fontawesome5=&#8221;far fa-envelope&#8221; color=&#8221;custom&#8221; button_bg_color=&#8221;secondary&#8221; font_color=&#8221;custom&#8221; button_border_color=&#8221;secondary&#8221; button_icon_color=&#8221;custom&#8221; button_bg_color_hover=&#8221;primary&#8221; font_color_hover=&#8221;custom&#8221; button_border_color_hover=&#8221;primary&#8221; button_icon_color_hover=&#8221;custom&#8221; width=&#8221;170&#8243; custom_font_color=&#8221;#ffffff&#8221; custom_button_icon_color=&#8221;#ffffff&#8221; custom_font_color_hover=&#8221;#ffffff&#8221; custom_button_icon_color_hover=&#8221;#ffffff&#8221; icon_font_size=&#8221;lg:14&#8243;][\/tm_button_group][\/vc_column][\/vc_row]<\/p>\n","protected":false},"author":1,"featured_media":0,"parent":0,"menu_order":0,"comment_status":"closed","ping_status":"closed","template":"","meta":{"footnotes":""},"class_list":["post-3787","page","type-page","status-publish","hentry","post-no-thumbnail"],"_links":{"self":[{"href":"https:\/\/hartbr.com\/pt-br\/wp-json\/wp\/v2\/pages\/3787","targetHints":{"allow":["GET"]}}],"collection":[{"href":"https:\/\/hartbr.com\/pt-br\/wp-json\/wp\/v2\/pages"}],"about":[{"href":"https:\/\/hartbr.com\/pt-br\/wp-json\/wp\/v2\/types\/page"}],"author":[{"embeddable":true,"href":"https:\/\/hartbr.com\/pt-br\/wp-json\/wp\/v2\/users\/1"}],"replies":[{"embeddable":true,"href":"https:\/\/hartbr.com\/pt-br\/wp-json\/wp\/v2\/comments?post=3787"}],"version-history":[{"count":44,"href":"https:\/\/hartbr.com\/pt-br\/wp-json\/wp\/v2\/pages\/3787\/revisions"}],"predecessor-version":[{"id":6951,"href":"https:\/\/hartbr.com\/pt-br\/wp-json\/wp\/v2\/pages\/3787\/revisions\/6951"}],"wp:attachment":[{"href":"https:\/\/hartbr.com\/pt-br\/wp-json\/wp\/v2\/media?parent=3787"}],"curies":[{"name":"wp","href":"https:\/\/api.w.org\/{rel}","templated":true}]}}