{"id":4810,"date":"2021-04-29T14:55:43","date_gmt":"2021-04-29T17:55:43","guid":{"rendered":"https:\/\/hartbr.com\/?page_id=4810"},"modified":"2021-05-31T15:46:24","modified_gmt":"2021-05-31T18:46:24","slug":"projetos-realizados","status":"publish","type":"page","link":"https:\/\/hartbr.com\/pt-br\/projetos-realizados\/","title":{"rendered":"Projetos Realizados"},"content":{"rendered":"<section class=\"wpb-content-wrapper\"><p>[vc_row][vc_column][tm_spacer size=&#8221;sm:100;lg:113&#8243;][tm_heading tag=&#8221;h4&#8243; custom_google_font=&#8221;&#8221; align=&#8221;center&#8221; font_size=&#8221;sm:27;md:34;lg:40&#8243; line_height=&#8221;1.4&#8243;]Conhe\u00e7a nosso <mark>background de projetos realizados<\/mark>[\/tm_heading][tm_spacer size=&#8221;lg:26&#8243;][tm_heading tag=&#8221;div&#8221; custom_google_font=&#8221;&#8221; align=&#8221;center&#8221; max_width=&#8221;770px&#8221;]Os projetos de P&amp;D desenvolvidos na Hart BR, s\u00e3o verdadeiras iniciativas, focadas na busca de inova\u00e7\u00f5es frente aos desafios tecnol\u00f3gicos e de mercado das empresas de distribui\u00e7\u00e3o e transmiss\u00e3o de energia.[\/tm_heading][tm_spacer size=&#8221;lg:26&#8243;][tm_heading tag=&#8221;div&#8221; custom_google_font=&#8221;&#8221; align=&#8221;center&#8221; max_width=&#8221;770px&#8221;]Conhe\u00e7a nossos principais projetos desenvolvidos nos \u00faltimos anos, que est\u00e3o ajudando na moderniza\u00e7\u00e3o e otimiza\u00e7\u00e3o do setor el\u00e9trico brasileiro.[\/tm_heading][tm_spacer size=&#8221;sm:50;lg:96&#8243;][tm_timeline items=&#8221;%5B%7B%22image%22%3A%225582%22%2C%22title%22%3A%22Abril%20%22%2C%22datetime%22%3A%222018%2F04%2F02%2016%3A11%22%2C%22text%22%3A%22In%C3%ADcio%20da%20fase%20Desenvolvimento%20Experimental%20do%20Interruptor%20Trif%C3%A1sico%20RKT-3.%22%7D%2C%7B%22image%22%3A%225154%22%2C%22title%22%3A%22Junho%20%22%2C%22datetime%22%3A%222018%2F06%2F01%2016%3A11%22%2C%22text%22%3A%22In%C3%ADcio%20da%20fase%20Cabe%C3%A7a%20de%20S%C3%A9rie%20do%20Religador%20Rocket-1.%22%7D%2C%7B%22image%22%3A%225145%22%2C%22title%22%3A%22Setembro%22%2C%22datetime%22%3A%222018%2F09%2F01%2016%3A11%22%2C%22text%22%3A%22Inaugura%C3%A7%C3%A3o%20do%20Laborat%C3%B3rio%20Pro%20PD%20para%20realiza%C3%A7%C3%A3o%20de%20ensaios%20el%C3%A9tricos%20e%20clim%C3%A1ticos%20na%20Hart%20BR.%22%7D%2C%7B%22image%22%3A%224834%22%2C%22title%22%3A%22Novembro%20%22%2C%22datetime%22%3A%222018%2F11%2F01%2016%3A12%22%2C%22text%22%3A%22In%C3%ADcio%20Desenvolvimento%20Experimental%20do%20Sensor%20de%20Faltas%20Floco%E2%80%8B.%5CnM%C3%B3dulo%20de%20Comunica%C3%A7%C3%A3o%3A%20LoRa%E2%80%8B.%22%7D%2C%7B%22image%22%3A%224827%22%2C%22title%22%3A%22Setembro%22%2C%22datetime%22%3A%222019%2F09%2F02%2018%3A33%22%2C%22text%22%3A%22In%C3%ADcio%20Desenvolvimento%20Experimental%20Trafo%204.0%E2%80%8B.%22%7D%2C%7B%22image%22%3A%224855%22%2C%22title%22%3A%22Novembro%20%22%2C%22datetime%22%3A%222019%2F11%2F04%2018%3A34%22%2C%22text%22%3A%221%C2%BA%20Prot%C3%B3tipo%20do%20Floco%20desenvolvido.%E2%80%8B%22%7D%2C%7B%22image%22%3A%225583%22%2C%22title%22%3A%22Janeiro%20%22%2C%22datetime%22%3A%222020%2F01%2F13%2013%3A55%22%2C%22text%22%3A%22Entrega%20do%20prot%C3%B3tipo%20do%20Interruptor%20Trif%C3%A1sico%20RKT-3.%5Cn%22%7D%2C%7B%22image%22%3A%225439%22%2C%22title%22%3A%22Janeiro%20%22%2C%22datetime%22%3A%222020%2F01%2F13%2018%3A36%22%2C%22text%22%3A%22Obten%C3%A7%C3%A3o%20de%20certifica%C3%A7%C3%A3o%20internacional%20do%20Religador%20pelo%20CESI.%5Cn%22%7D%2C%7B%22image%22%3A%225584%22%2C%22title%22%3A%22Mar%C3%A7o%22%2C%22datetime%22%3A%222020%2F03%2F01%2018%3A39%22%2C%22text%22%3A%22In%C3%ADcio%20Cabe%C3%A7a%20de%20S%C3%A9rie%20do%20Floco%20Sensor%E2%80%8B%E2%80%8B.%5CnEntrega%20do%20lote%20cabe%C3%A7a%20de%20s%C3%A9rie%20do%20Religador%E2%80%8B%E2%80%8B.%20%5CnIntegra%C3%A7%C3%A3o%20do%20sistema%20ArpeggIO.%5Cn%22%7D%2C%7B%22image%22%3A%225585%22%2C%22title%22%3A%22Julho%22%2C%22datetime%22%3A%222020%2F07%2F01%2009%3A58%22%2C%22text%22%3A%22Inaugura%C3%A7%C3%A3o%20da%20unidade%20fabril%20em%20Atibaia%2C%20SP.%5Cn%22%7D%2C%7B%22image%22%3A%225586%22%2C%22title%22%3A%22Agosto%22%2C%22datetime%22%3A%222020%2F08%2F01%2011%3A02%22%2C%22text%22%3A%22Lan%C3%A7amento%20do%20sistema%20ArpeggIO%C2%AE%20Suite.%22%7D%2C%7B%22image%22%3A%225447%22%2C%22title%22%3A%22Dezembro%22%2C%22datetime%22%3A%222020%2F12%2F01%2018%3A40%22%2C%22text%22%3A%22Finaliza%C3%A7%C3%A3o%20do%20Projeto%20Religador%20Rocket-1.%20%22%7D%2C%7B%22image%22%3A%225464%22%2C%22title%22%3A%22Dezembro%22%2C%22datetime%22%3A%222020%2F12%2F01%2020%3A22%22%2C%22text%22%3A%22Fabrica%C3%A7%C3%A3o%20do%20lote%20CS%20do%20Floco%E2%80%8B.%22%7D%2C%7B%22image%22%3A%225165%22%2C%22title%22%3A%22Fevereiro%22%2C%22datetime%22%3A%222021%2F02%2F01%2009%3A55%22%2C%22text%22%3A%22Entrega%20de%20prot%C3%B3tipos%20do%20Religador%20Rocket-1%20para%20tens%C3%A3o%20de%2027%20kV%E2%80%8B.%5Cn%22%7D%5D&#8221;][tm_spacer size=&#8221;sm:100;lg:120&#8243;][\/vc_column][\/vc_row]<\/p>\n<\/section>","protected":false},"excerpt":{"rendered":"<p>[vc_row][vc_column][tm_spacer size=&#8221;sm:100;lg:113&#8243;][tm_heading tag=&#8221;h4&#8243; custom_google_font=&#8221;&#8221; align=&#8221;center&#8221; font_size=&#8221;sm:27;md:34;lg:40&#8243; line_height=&#8221;1.4&#8243;]Conhe\u00e7a nosso background de projetos realizados[\/tm_heading][tm_spacer size=&#8221;lg:26&#8243;][tm_heading tag=&#8221;div&#8221; custom_google_font=&#8221;&#8221; align=&#8221;center&#8221; max_width=&#8221;770px&#8221;]Os projetos de P&amp;D desenvolvidos na Hart BR, s\u00e3o verdadeiras iniciativas, focadas na busca de inova\u00e7\u00f5es frente aos desafios tecnol\u00f3gicos e de mercado das empresas de distribui\u00e7\u00e3o e transmiss\u00e3o de energia.[\/tm_heading][tm_spacer size=&#8221;lg:26&#8243;][tm_heading tag=&#8221;div&#8221; custom_google_font=&#8221;&#8221; align=&#8221;center&#8221; max_width=&#8221;770px&#8221;]Conhe\u00e7a nossos principais projetos desenvolvidos nos \u00faltimos anos, que est\u00e3o ajudando na moderniza\u00e7\u00e3o e otimiza\u00e7\u00e3o do setor el\u00e9trico brasileiro.[\/tm_heading][tm_spacer size=&#8221;sm:50;lg:96&#8243;][tm_timeline items=&#8221;%5B%7B%22image%22%3A%225582%22%2C%22title%22%3A%22Abril%20%22%2C%22datetime%22%3A%222018%2F04%2F02%2016%3A11%22%2C%22text%22%3A%22In%C3%ADcio%20da%20fase%20Desenvolvimento%20Experimental%20do%20Interruptor%20Trif%C3%A1sico%20RKT-3.%22%7D%2C%7B%22image%22%3A%225154%22%2C%22title%22%3A%22Junho%20%22%2C%22datetime%22%3A%222018%2F06%2F01%2016%3A11%22%2C%22text%22%3A%22In%C3%ADcio%20da%20fase%20Cabe%C3%A7a%20de%20S%C3%A9rie%20do%20Religador%20Rocket-1.%22%7D%2C%7B%22image%22%3A%225145%22%2C%22title%22%3A%22Setembro%22%2C%22datetime%22%3A%222018%2F09%2F01%2016%3A11%22%2C%22text%22%3A%22Inaugura%C3%A7%C3%A3o%20do%20Laborat%C3%B3rio%20Pro%20PD%20para%20realiza%C3%A7%C3%A3o%20de%20ensaios%20el%C3%A9tricos%20e%20clim%C3%A1ticos%20na%20Hart%20BR.%22%7D%2C%7B%22image%22%3A%224834%22%2C%22title%22%3A%22Novembro%20%22%2C%22datetime%22%3A%222018%2F11%2F01%2016%3A12%22%2C%22text%22%3A%22In%C3%ADcio%20Desenvolvimento%20Experimental%20do%20Sensor%20de%20Faltas%20Floco%E2%80%8B.%5CnM%C3%B3dulo%20de%20Comunica%C3%A7%C3%A3o%3A%20LoRa%E2%80%8B.%22%7D%2C%7B%22image%22%3A%224827%22%2C%22title%22%3A%22Setembro%22%2C%22datetime%22%3A%222019%2F09%2F02%2018%3A33%22%2C%22text%22%3A%22In%C3%ADcio%20Desenvolvimento%20Experimental%20Trafo%204.0%E2%80%8B.%22%7D%2C%7B%22image%22%3A%224855%22%2C%22title%22%3A%22Novembro%20%22%2C%22datetime%22%3A%222019%2F11%2F04%2018%3A34%22%2C%22text%22%3A%221%C2%BA%20Prot%C3%B3tipo%20do%20Floco%20desenvolvido.%E2%80%8B%22%7D%2C%7B%22image%22%3A%225583%22%2C%22title%22%3A%22Janeiro%20%22%2C%22datetime%22%3A%222020%2F01%2F13%2013%3A55%22%2C%22text%22%3A%22Entrega%20do%20prot%C3%B3tipo%20do%20Interruptor%20Trif%C3%A1sico%20RKT-3.%5Cn%22%7D%2C%7B%22image%22%3A%225439%22%2C%22title%22%3A%22Janeiro%20%22%2C%22datetime%22%3A%222020%2F01%2F13%2018%3A36%22%2C%22text%22%3A%22Obten%C3%A7%C3%A3o%20de%20certifica%C3%A7%C3%A3o%20internacional%20do%20Religador%20pelo%20CESI.%5Cn%22%7D%2C%7B%22image%22%3A%225584%22%2C%22title%22%3A%22Mar%C3%A7o%22%2C%22datetime%22%3A%222020%2F03%2F01%2018%3A39%22%2C%22text%22%3A%22In%C3%ADcio%20Cabe%C3%A7a%20de%20S%C3%A9rie%20do%20Floco%20Sensor%E2%80%8B%E2%80%8B.%5CnEntrega%20do%20lote%20cabe%C3%A7a%20de%20s%C3%A9rie%20do%20Religador%E2%80%8B%E2%80%8B.%20%5CnIntegra%C3%A7%C3%A3o%20do%20sistema%20ArpeggIO.%5Cn%22%7D%2C%7B%22image%22%3A%225585%22%2C%22title%22%3A%22Julho%22%2C%22datetime%22%3A%222020%2F07%2F01%2009%3A58%22%2C%22text%22%3A%22Inaugura%C3%A7%C3%A3o%20da%20unidade%20fabril%20em%20Atibaia%2C%20SP.%5Cn%22%7D%2C%7B%22image%22%3A%225586%22%2C%22title%22%3A%22Agosto%22%2C%22datetime%22%3A%222020%2F08%2F01%2011%3A02%22%2C%22text%22%3A%22Lan%C3%A7amento%20do%20sistema%20ArpeggIO%C2%AE%20Suite.%22%7D%2C%7B%22image%22%3A%225447%22%2C%22title%22%3A%22Dezembro%22%2C%22datetime%22%3A%222020%2F12%2F01%2018%3A40%22%2C%22text%22%3A%22Finaliza%C3%A7%C3%A3o%20do%20Projeto%20Religador%20Rocket-1.%20%22%7D%2C%7B%22image%22%3A%225464%22%2C%22title%22%3A%22Dezembro%22%2C%22datetime%22%3A%222020%2F12%2F01%2020%3A22%22%2C%22text%22%3A%22Fabrica%C3%A7%C3%A3o%20do%20lote%20CS%20do%20Floco%E2%80%8B.%22%7D%2C%7B%22image%22%3A%225165%22%2C%22title%22%3A%22Fevereiro%22%2C%22datetime%22%3A%222021%2F02%2F01%2009%3A55%22%2C%22text%22%3A%22Entrega%20de%20prot%C3%B3tipos%20do%20Religador%20Rocket-1%20para%20tens%C3%A3o%20de%2027%20kV%E2%80%8B.%5Cn%22%7D%5D&#8221;][tm_spacer size=&#8221;sm:100;lg:120&#8243;][\/vc_column][\/vc_row]<\/p>\n","protected":false},"author":1,"featured_media":0,"parent":0,"menu_order":0,"comment_status":"closed","ping_status":"closed","template":"","meta":{"footnotes":""},"class_list":["post-4810","page","type-page","status-publish","hentry","post-no-thumbnail"],"_links":{"self":[{"href":"https:\/\/hartbr.com\/pt-br\/wp-json\/wp\/v2\/pages\/4810","targetHints":{"allow":["GET"]}}],"collection":[{"href":"https:\/\/hartbr.com\/pt-br\/wp-json\/wp\/v2\/pages"}],"about":[{"href":"https:\/\/hartbr.com\/pt-br\/wp-json\/wp\/v2\/types\/page"}],"author":[{"embeddable":true,"href":"https:\/\/hartbr.com\/pt-br\/wp-json\/wp\/v2\/users\/1"}],"replies":[{"embeddable":true,"href":"https:\/\/hartbr.com\/pt-br\/wp-json\/wp\/v2\/comments?post=4810"}],"version-history":[{"count":53,"href":"https:\/\/hartbr.com\/pt-br\/wp-json\/wp\/v2\/pages\/4810\/revisions"}],"predecessor-version":[{"id":5587,"href":"https:\/\/hartbr.com\/pt-br\/wp-json\/wp\/v2\/pages\/4810\/revisions\/5587"}],"wp:attachment":[{"href":"https:\/\/hartbr.com\/pt-br\/wp-json\/wp\/v2\/media?parent=4810"}],"curies":[{"name":"wp","href":"https:\/\/api.w.org\/{rel}","templated":true}]}}